{"id":10971,"date":"2023-05-12T09:19:28","date_gmt":"2023-05-12T08:19:28","guid":{"rendered":"https:\/\/www.meettheredbaron.com\/?page_id=10971"},"modified":"2025-12-30T11:35:39","modified_gmt":"2025-12-30T10:35:39","slug":"ce-jour-la","status":"publish","type":"page","link":"https:\/\/www.meettheredbaron.com\/fr\/ce-jour-la\/","title":{"rendered":"Ce jour-l\u00e0"},"content":{"rendered":"\n<div class=\"wp-block-toolset-blocks-container tb-container\" data-toolset-blocks-container=\"c4fa5849c5aeb2ed29db2537357c7e97\">\n<div class=\"wp-block-columns is-layout-flex wp-container-core-columns-is-layout-28f84493 wp-block-columns-is-layout-flex\">\n<div class=\"wp-block-column is-layout-flow wp-block-column-is-layout-flow\" style=\"flex-basis:25%\">\n<h1 class=\"wp-block-heading has-text-align-center\">19 avril<\/h1>\n\n\n\n<h2 class=\"tb-heading\" data-toolset-blocks-heading=\"bc3126805d68251f908517bdc53946e3\" data-last-update=\"1.4\">(UTC+1)<\/h2>\n<\/div>\n\n\n\n<div class=\"wp-block-column is-layout-flow wp-block-column-is-layout-flow\" style=\"flex-basis:75%\">\n<h1 class=\"tb-heading has-text-color aligncenter\" data-toolset-blocks-heading=\"f8b49924a578feda4c67a542abd954ed\" data-last-update=\"1.4\">\u00c9v\u00e9nements de cette journ\u00e9e dans la vie de Manfred von Richthofen<\/h1>\n<\/div>\n<\/div>\n\n\n<div class=\"wpv-view-output\" data-toolset-views-view-editor=\"42cd595dcdbe49c999be8b8ed8c593ab\"><div class=\"wpv-view-wrapper\"><div class=\"wpv-custom-search-loading-overlay js-wpv-custom-search-loading-overlay\" style=\"display:none;background:rgba( 255, 255, 255, 1 );\">\n\t\t\t\t\t<div class=\"spinner\">\n\t\t\t\t\t\t<div class=\"icon\" style=\"background:url(https:\/\/www.meettheredbaron.com\/wp-content\/plugins\/toolset-blocks\/embedded\/res\/img\/ajax-loader2.svg)\"><\/div>\n\t\t\t\t\t<\/div>\n\t\t\t\t<\/div><div class=\"wp-block-toolset-views-view-editor\">\n<div class=\"wp-block-toolset-views-custom-search-container\">  <\/div>\n\n\n<div id=\"wpv-view-layout-17127\" class=\"js-wpv-view-layout js-wpv-layout-responsive js-wpv-view-layout-17127\" data-viewnumber=\"17127\" data-pagination=\"{&quot;id&quot;:17127,&quot;query&quot;:&quot;normal&quot;,&quot;type&quot;:&quot;disabled&quot;,&quot;effect&quot;:&quot;fade&quot;,&quot;duration&quot;:500,&quot;speed&quot;:5,&quot;pause_on_hover&quot;:&quot;enabled&quot;,&quot;stop_rollover&quot;:&quot;false&quot;,&quot;cache_pages&quot;:&quot;enabled&quot;,&quot;preload_images&quot;:&quot;enabled&quot;,&quot;preload_pages&quot;:&quot;enabled&quot;,&quot;preload_reach&quot;:1,&quot;spinner&quot;:&quot;builtin&quot;,&quot;spinner_image&quot;:&quot;https:\/\/www.meettheredbaron.com\/wp-content\/plugins\/toolset-blocks\/embedded\/res\/img\/ajax-loader.gif&quot;,&quot;callback_next&quot;:&quot;&quot;,&quot;manage_history&quot;:&quot;enabled&quot;,&quot;has_controls_in_form&quot;:&quot;disabled&quot;,&quot;infinite_tolerance&quot;:&quot;0&quot;,&quot;max_pages&quot;:0,&quot;page&quot;:1,&quot;base_permalink&quot;:&quot;\/fr\/wp-json\/wp\/v2\/pages\/10971?wpv_view_count=17127&amp;wpv_paged=WPV_PAGE_NUM&quot;,&quot;loop&quot;:{&quot;type&quot;:&quot;&quot;,&quot;name&quot;:&quot;&quot;,&quot;data&quot;:[],&quot;id&quot;:0}}\" data-permalink=\"\/fr\/wp-json\/wp\/v2\/pages\/10971?wpv_view_count=17127\">\n\n<div style=\"height:50px\" aria-hidden=\"true\" class=\"wp-block-spacer\"><\/div>\n\n\n<h1>Aucun \u00e9v\u00e9nement ce jour l\u00e0. Revenez demain\u00a0!<\/h1><\/div><\/div><\/div><\/div><\/div>\n","protected":false},"excerpt":{"rendered":"","protected":false},"author":1,"featured_media":0,"parent":0,"menu_order":0,"comment_status":"open","ping_status":"closed","template":"","meta":{"footnotes":""},"class_list":["post-10971","page","type-page","status-publish","hentry","entry","no-media"],"yoast_head":"<!-- This site is optimized with the Yoast SEO plugin v26.7 - https:\/\/yoast.com\/wordpress\/plugins\/seo\/ -->\n<title>Ce jour-l\u00e0 - Meet The Red Baron<\/title>\n<meta name=\"robots\" content=\"index, follow, max-snippet:-1, max-image-preview:large, max-video-preview:-1\" \/>\n<link rel=\"canonical\" href=\"https:\/\/www.meettheredbaron.com\/fr\/ce-jour-la\/\" \/>\n<meta property=\"og:locale\" content=\"fr_FR\" \/>\n<meta property=\"og:type\" content=\"article\" \/>\n<meta property=\"og:title\" content=\"Ce jour-l\u00e0 - Meet The Red Baron\" \/>\n<meta property=\"og:url\" content=\"https:\/\/www.meettheredbaron.com\/fr\/ce-jour-la\/\" \/>\n<meta property=\"og:site_name\" content=\"Meet The Red Baron\" \/>\n<meta property=\"article:modified_time\" content=\"2025-12-30T10:35:39+00:00\" \/>\n<meta property=\"og:image\" content=\"http:\/\/www.meettheredbaron.com\/wp-content\/uploads\/2021\/12\/books-icon-50x50.png\" \/>\n<script type=\"application\/ld+json\" class=\"yoast-schema-graph\">{\"@context\":\"https:\/\/schema.org\",\"@graph\":[{\"@type\":\"WebPage\",\"@id\":\"https:\/\/www.meettheredbaron.com\/fr\/ce-jour-la\/\",\"url\":\"https:\/\/www.meettheredbaron.com\/fr\/ce-jour-la\/\",\"name\":\"Ce jour-l\u00e0 - Meet The Red Baron\",\"isPartOf\":{\"@id\":\"https:\/\/www.meettheredbaron.com\/fr\/#website\"},\"primaryImageOfPage\":{\"@id\":\"https:\/\/www.meettheredbaron.com\/fr\/ce-jour-la\/#primaryimage\"},\"image\":{\"@id\":\"https:\/\/www.meettheredbaron.com\/fr\/ce-jour-la\/#primaryimage\"},\"thumbnailUrl\":\"http:\/\/www.meettheredbaron.com\/wp-content\/uploads\/2021\/12\/books-icon-50x50.png\",\"datePublished\":\"2023-05-12T08:19:28+00:00\",\"dateModified\":\"2025-12-30T10:35:39+00:00\",\"breadcrumb\":{\"@id\":\"https:\/\/www.meettheredbaron.com\/fr\/ce-jour-la\/#breadcrumb\"},\"inLanguage\":\"fr-FR\",\"potentialAction\":[{\"@type\":\"ReadAction\",\"target\":[\"https:\/\/www.meettheredbaron.com\/fr\/ce-jour-la\/\"]}]},{\"@type\":\"ImageObject\",\"inLanguage\":\"fr-FR\",\"@id\":\"https:\/\/www.meettheredbaron.com\/fr\/ce-jour-la\/#primaryimage\",\"url\":\"http:\/\/www.meettheredbaron.com\/wp-content\/uploads\/2021\/12\/books-icon-50x50.png\",\"contentUrl\":\"http:\/\/www.meettheredbaron.com\/wp-content\/uploads\/2021\/12\/books-icon-50x50.png\"},{\"@type\":\"BreadcrumbList\",\"@id\":\"https:\/\/www.meettheredbaron.com\/fr\/ce-jour-la\/#breadcrumb\",\"itemListElement\":[{\"@type\":\"ListItem\",\"position\":1,\"name\":\"Home\",\"item\":\"https:\/\/www.meettheredbaron.com\/fr\/\"},{\"@type\":\"ListItem\",\"position\":2,\"name\":\"Ce jour-l\u00e0\"}]},{\"@type\":\"WebSite\",\"@id\":\"https:\/\/www.meettheredbaron.com\/fr\/#website\",\"url\":\"https:\/\/www.meettheredbaron.com\/fr\/\",\"name\":\"Meet The Red Baron\",\"description\":\"The life and death of Manfred von Richthofen.\",\"publisher\":{\"@id\":\"https:\/\/www.meettheredbaron.com\/fr\/#\/schema\/person\/fd320c77882d0d84e4b88ef15120767f\"},\"potentialAction\":[{\"@type\":\"SearchAction\",\"target\":{\"@type\":\"EntryPoint\",\"urlTemplate\":\"https:\/\/www.meettheredbaron.com\/fr\/?s={search_term_string}\"},\"query-input\":{\"@type\":\"PropertyValueSpecification\",\"valueRequired\":true,\"valueName\":\"search_term_string\"}}],\"inLanguage\":\"fr-FR\"},{\"@type\":[\"Person\",\"Organization\"],\"@id\":\"https:\/\/www.meettheredbaron.com\/fr\/#\/schema\/person\/fd320c77882d0d84e4b88ef15120767f\",\"name\":\"heinpoblome\",\"image\":{\"@type\":\"ImageObject\",\"inLanguage\":\"fr-FR\",\"@id\":\"https:\/\/www.meettheredbaron.com\/fr\/#\/schema\/person\/image\/\",\"url\":\"https:\/\/www.meettheredbaron.com\/wp-content\/uploads\/2021\/12\/266-scaled.jpg\",\"contentUrl\":\"https:\/\/www.meettheredbaron.com\/wp-content\/uploads\/2021\/12\/266-scaled.jpg\",\"width\":1850,\"height\":2560,\"caption\":\"heinpoblome\"},\"logo\":{\"@id\":\"https:\/\/www.meettheredbaron.com\/fr\/#\/schema\/person\/image\/\"},\"sameAs\":[\"http:\/\/www.meettheredbaron.com\"]}]}<\/script>\n<!-- \/ Yoast SEO plugin. -->","yoast_head_json":{"title":"Ce jour-l\u00e0 - Meet The Red Baron","robots":{"index":"index","follow":"follow","max-snippet":"max-snippet:-1","max-image-preview":"max-image-preview:large","max-video-preview":"max-video-preview:-1"},"canonical":"https:\/\/www.meettheredbaron.com\/fr\/ce-jour-la\/","og_locale":"fr_FR","og_type":"article","og_title":"Ce jour-l\u00e0 - Meet The Red Baron","og_url":"https:\/\/www.meettheredbaron.com\/fr\/ce-jour-la\/","og_site_name":"Meet The Red Baron","article_modified_time":"2025-12-30T10:35:39+00:00","og_image":[{"url":"http:\/\/www.meettheredbaron.com\/wp-content\/uploads\/2021\/12\/books-icon-50x50.png","type":"","width":"","height":""}],"schema":{"@context":"https:\/\/schema.org","@graph":[{"@type":"WebPage","@id":"https:\/\/www.meettheredbaron.com\/fr\/ce-jour-la\/","url":"https:\/\/www.meettheredbaron.com\/fr\/ce-jour-la\/","name":"Ce jour-l\u00e0 - Meet The Red Baron","isPartOf":{"@id":"https:\/\/www.meettheredbaron.com\/fr\/#website"},"primaryImageOfPage":{"@id":"https:\/\/www.meettheredbaron.com\/fr\/ce-jour-la\/#primaryimage"},"image":{"@id":"https:\/\/www.meettheredbaron.com\/fr\/ce-jour-la\/#primaryimage"},"thumbnailUrl":"http:\/\/www.meettheredbaron.com\/wp-content\/uploads\/2021\/12\/books-icon-50x50.png","datePublished":"2023-05-12T08:19:28+00:00","dateModified":"2025-12-30T10:35:39+00:00","breadcrumb":{"@id":"https:\/\/www.meettheredbaron.com\/fr\/ce-jour-la\/#breadcrumb"},"inLanguage":"fr-FR","potentialAction":[{"@type":"ReadAction","target":["https:\/\/www.meettheredbaron.com\/fr\/ce-jour-la\/"]}]},{"@type":"ImageObject","inLanguage":"fr-FR","@id":"https:\/\/www.meettheredbaron.com\/fr\/ce-jour-la\/#primaryimage","url":"http:\/\/www.meettheredbaron.com\/wp-content\/uploads\/2021\/12\/books-icon-50x50.png","contentUrl":"http:\/\/www.meettheredbaron.com\/wp-content\/uploads\/2021\/12\/books-icon-50x50.png"},{"@type":"BreadcrumbList","@id":"https:\/\/www.meettheredbaron.com\/fr\/ce-jour-la\/#breadcrumb","itemListElement":[{"@type":"ListItem","position":1,"name":"Home","item":"https:\/\/www.meettheredbaron.com\/fr\/"},{"@type":"ListItem","position":2,"name":"Ce jour-l\u00e0"}]},{"@type":"WebSite","@id":"https:\/\/www.meettheredbaron.com\/fr\/#website","url":"https:\/\/www.meettheredbaron.com\/fr\/","name":"Meet The Red Baron","description":"The life and death of Manfred von Richthofen.","publisher":{"@id":"https:\/\/www.meettheredbaron.com\/fr\/#\/schema\/person\/fd320c77882d0d84e4b88ef15120767f"},"potentialAction":[{"@type":"SearchAction","target":{"@type":"EntryPoint","urlTemplate":"https:\/\/www.meettheredbaron.com\/fr\/?s={search_term_string}"},"query-input":{"@type":"PropertyValueSpecification","valueRequired":true,"valueName":"search_term_string"}}],"inLanguage":"fr-FR"},{"@type":["Person","Organization"],"@id":"https:\/\/www.meettheredbaron.com\/fr\/#\/schema\/person\/fd320c77882d0d84e4b88ef15120767f","name":"heinpoblome","image":{"@type":"ImageObject","inLanguage":"fr-FR","@id":"https:\/\/www.meettheredbaron.com\/fr\/#\/schema\/person\/image\/","url":"https:\/\/www.meettheredbaron.com\/wp-content\/uploads\/2021\/12\/266-scaled.jpg","contentUrl":"https:\/\/www.meettheredbaron.com\/wp-content\/uploads\/2021\/12\/266-scaled.jpg","width":1850,"height":2560,"caption":"heinpoblome"},"logo":{"@id":"https:\/\/www.meettheredbaron.com\/fr\/#\/schema\/person\/image\/"},"sameAs":["http:\/\/www.meettheredbaron.com"]}]}},"_links":{"self":[{"href":"https:\/\/www.meettheredbaron.com\/fr\/wp-json\/wp\/v2\/pages\/10971","targetHints":{"allow":["GET"]}}],"collection":[{"href":"https:\/\/www.meettheredbaron.com\/fr\/wp-json\/wp\/v2\/pages"}],"about":[{"href":"https:\/\/www.meettheredbaron.com\/fr\/wp-json\/wp\/v2\/types\/page"}],"author":[{"embeddable":true,"href":"https:\/\/www.meettheredbaron.com\/fr\/wp-json\/wp\/v2\/users\/1"}],"replies":[{"embeddable":true,"href":"https:\/\/www.meettheredbaron.com\/fr\/wp-json\/wp\/v2\/comments?post=10971"}],"version-history":[{"count":1,"href":"https:\/\/www.meettheredbaron.com\/fr\/wp-json\/wp\/v2\/pages\/10971\/revisions"}],"predecessor-version":[{"id":18362,"href":"https:\/\/www.meettheredbaron.com\/fr\/wp-json\/wp\/v2\/pages\/10971\/revisions\/18362"}],"wp:attachment":[{"href":"https:\/\/www.meettheredbaron.com\/fr\/wp-json\/wp\/v2\/media?parent=10971"}],"curies":[{"name":"wp","href":"https:\/\/api.w.org\/{rel}","templated":true}]}}