{"id":10935,"date":"2024-08-05T15:04:23","date_gmt":"2024-08-05T14:04:23","guid":{"rendered":"https:\/\/www.meettheredbaron.com\/?page_id=10935"},"modified":"2024-10-07T12:21:17","modified_gmt":"2024-10-07T11:21:17","slug":"chat-bot","status":"publish","type":"page","link":"https:\/\/www.meettheredbaron.com\/fr\/chat-bot\/","title":{"rendered":"Chat Bot"},"content":{"rendered":"\n<div class=\"wp-block-toolset-blocks-container tb-container alignfull\" data-toolset-blocks-container=\"87bce63c3fba5ff42835dcaba0241408\">\n<div class=\"wp-block-columns is-layout-flex wp-container-core-columns-is-layout-28f84493 wp-block-columns-is-layout-flex\">\n<div class=\"wp-block-column is-layout-flow wp-block-column-is-layout-flow\" style=\"flex-basis:70%\">\n<div class=\"wp-block-toolset-blocks-container tb-container alignwide\" data-toolset-blocks-container=\"4295e2daa2c5d6991dde1d71907ec497\">\n<br\/>\n<flowise-fullchatbot><\/flowise-fullchatbot>\n<script type=\"module\">\n    import Chatbot from \"https:\/\/cdn.jsdelivr.net\/npm\/flowise-embed\/dist\/web.js\"\n    Chatbot.initFull({\n        chatflowid: \"48f0780f-d584-4337-bd36-742245a4f511\",\n        apiHost: \"https:\/\/chat.meettheredbaron.com\",\n        theme: {\nbutton: {\n        backgroundColor: '#a1232b',\n},\n            chatWindow: {\n                showTitle: true,\n                title: 'The Red Baron Chat Bot',\n                showAgentMessages: false,\n                welcomeMessage: 'Type your question. Stellen Sie Ihre Frage. Stel je vraag. Posez votre question.',\n                errorMessage: 'Oops! Something bad happened!',\n                backgroundColor: \"#ffffff\",\n                height:800,\n                fontSize: 16,\n                poweredByTextColor: \"#303235\",\n                botMessage: {\n                     backgroundColor: '#FFF4F1',\n                     textColor: 'black',\n                    showAvatar: false,\n                    avatarSrc: \"https:\/\/raw.githubusercontent.com\/zahidkhawaja\/langchain-chat-nextjs\/main\/public\/parroticon.png\",\n                },\n                userMessage: {\n                    backgroundColor: \"#FFF4F1\",\n                    textColor: \"#000000\",\n                    showAvatar: false,\n                    avatarSrc: \"https:\/\/raw.githubusercontent.com\/zahidkhawaja\/langchain-chat-nextjs\/main\/public\/usericon.png\",\n                },\n                textInput: {\n                    placeholder: 'Type your question. Stellen Sie Ihre Frage. Stel je vraag. Posez votre question.',\n                    backgroundColor: '#ffffff',\n                    textColor: '#303235',\n                    sendButtonColor: '#303235',\n                    maxChars: 200,\n                    maxCharsWarningMessage: 'You exceeded the characters limit. Please input less than 200 characters.',\n                    autoFocus: true, \/\/ If not used, autofocus is disabled on mobile and enabled on desktop. true enables it on both, false disables it on both.\n                    sendMessageSound: true,\n                    \/\/ sendSoundLocation: \"send_message.mp3\", \/\/ If this is not used, the default sound effect will be played if sendSoundMessage is true.\n                    receiveMessageSound: true,\n                    \/\/ receiveSoundLocation: \"receive_message.mp3\", \/\/ If this is not used, the default sound effect will be played if receiveSoundMessage is true. \n                },\n                feedback: {\n                    color: '#303235',\n                },\n                footer: {\n                    textColor: '#303235',\n                    text: ' ',\n                    company: ' ',\n                    companyLink: 'https:\/\/www.meettheredbaron.com',\n                }\n            }\n        }\n    })\n<\/script>\n<\/div>\n<\/div>\n\n\n\n<div class=\"wp-block-column is-layout-flow wp-block-column-is-layout-flow\" style=\"flex-basis:30%\">\n<div style=\"height:15px\" aria-hidden=\"true\" class=\"wp-block-spacer\"><\/div>\n\n\n\n<div class=\"wp-block-toolset-blocks-container tb-container alignwide\" data-toolset-blocks-container=\"39ecc3ed6673ef6863f08697fb0f18de\">\n<h2 class=\"tb-heading has-text-color has-background\" data-toolset-blocks-heading=\"128488436b27957033f98a6c14bf9aa8\" data-last-update=\"1.4\">Comment utiliser le bot<\/h2>\n\n\n\n<ul style=\"font-size:16px\" class=\"wp-block-list\">\n<li>Le bot ne peut produire des r\u00e9ponses que sur la base des \u00e9v\u00e9nements survenus sur le site. Il n&rsquo;utilise pas Internet.<\/li>\n\n\n\n<li>Les textes pr\u00e9sents sur le site sont des extraits de livres, ce qui signifie que vous interrogez des livres.<\/li>\n\n\n\n<li>Posez des questions sp\u00e9cifiques. Utilisez \u00ab \u00e9laborer \u00bb ou \u00ab dites-m&rsquo;en plus \u00bb si vous trouvez la r\u00e9ponse trop courte.<\/li>\n\n\n\n<li>Posez des questions compl\u00e9mentaires pour obtenir des r\u00e9ponses plus d\u00e9taill\u00e9es.<\/li>\n\n\n\n<li>Le bot ne peut pas extrapoler.<\/li>\n\n\n\n<li>Le bot ne peut ni compter ni calculer.<\/li>\n\n\n\n<li>Le bot ne peut pas d\u00e9duire ou interpr\u00e9ter, c\u2019est litt\u00e9ral.<\/li>\n\n\n\n<li>Le bot ne peut pas composer d\u2019informations et n\u2019arrive pas vraiment \u00e0 cr\u00e9er des listes.<\/li>\n\n\n\n<li>Le bot n&rsquo;est pas Manfred. Il ne peut que r\u00e9pondre aux questions sur Manfred.<\/li>\n\n\n\n<li>Utilisez la double fl\u00e8che dans le titre pour r\u00e9initialiser le robot, en particulier lorsque vous changez de langue.<\/li>\n\n\n\n<li>Le bot r\u00e9pond actuellement en anglais, allemand, fran\u00e7ais et n\u00e9erlandais.<\/li>\n\n\n\n<li>Le bot hallucine parfois et invente des r\u00e9ponses.<\/li>\n\n\n\n<li>Il s&rsquo;agit d&rsquo;une premi\u00e8re version non affin\u00e9e, RAG, ChatGPT 3.5, OpenAPI du bot. Cela a ses limites.<\/li>\n<\/ul>\n<\/div>\n<\/div>\n<\/div>\n<\/div>\n","protected":false},"excerpt":{"rendered":"","protected":false},"author":7,"featured_media":0,"parent":0,"menu_order":0,"comment_status":"closed","ping_status":"closed","template":"","meta":{"footnotes":""},"class_list":["post-10935","page","type-page","status-publish","hentry","entry","no-media"],"yoast_head":"<!-- This site is optimized with the Yoast SEO plugin v26.7 - https:\/\/yoast.com\/wordpress\/plugins\/seo\/ -->\n<title>Chat Bot - Meet The Red Baron<\/title>\n<meta name=\"description\" content=\"Utilisez la derni\u00e8re technologie d&#039;IA pour poser des question sur Le Baron Rouge. Le chatbot r\u00e9pondra \u00e0 vos questions.\" \/>\n<meta name=\"robots\" content=\"index, follow, max-snippet:-1, max-image-preview:large, max-video-preview:-1\" \/>\n<link rel=\"canonical\" href=\"https:\/\/www.meettheredbaron.com\/fr\/chat-bot\/\" \/>\n<meta property=\"og:locale\" content=\"fr_FR\" \/>\n<meta property=\"og:type\" content=\"article\" \/>\n<meta property=\"og:title\" content=\"Chat Bot - Meet The Red Baron\" \/>\n<meta property=\"og:description\" content=\"Utilisez la derni\u00e8re technologie d&#039;IA pour poser des question sur Le Baron Rouge. Le chatbot r\u00e9pondra \u00e0 vos questions.\" \/>\n<meta property=\"og:url\" content=\"https:\/\/www.meettheredbaron.com\/fr\/chat-bot\/\" \/>\n<meta property=\"og:site_name\" content=\"Meet The Red Baron\" \/>\n<meta property=\"article:modified_time\" content=\"2024-10-07T11:21:17+00:00\" \/>\n<script type=\"application\/ld+json\" class=\"yoast-schema-graph\">{\"@context\":\"https:\/\/schema.org\",\"@graph\":[{\"@type\":\"WebPage\",\"@id\":\"https:\/\/www.meettheredbaron.com\/fr\/chat-bot\/\",\"url\":\"https:\/\/www.meettheredbaron.com\/fr\/chat-bot\/\",\"name\":\"Chat Bot - Meet The Red Baron\",\"isPartOf\":{\"@id\":\"https:\/\/www.meettheredbaron.com\/fr\/#website\"},\"datePublished\":\"2024-08-05T14:04:23+00:00\",\"dateModified\":\"2024-10-07T11:21:17+00:00\",\"description\":\"Utilisez la derni\u00e8re technologie d'IA pour poser des question sur Le Baron Rouge. Le chatbot r\u00e9pondra \u00e0 vos questions.\",\"breadcrumb\":{\"@id\":\"https:\/\/www.meettheredbaron.com\/fr\/chat-bot\/#breadcrumb\"},\"inLanguage\":\"fr-FR\",\"potentialAction\":[{\"@type\":\"ReadAction\",\"target\":[\"https:\/\/www.meettheredbaron.com\/fr\/chat-bot\/\"]}]},{\"@type\":\"BreadcrumbList\",\"@id\":\"https:\/\/www.meettheredbaron.com\/fr\/chat-bot\/#breadcrumb\",\"itemListElement\":[{\"@type\":\"ListItem\",\"position\":1,\"name\":\"Home\",\"item\":\"https:\/\/www.meettheredbaron.com\/fr\/\"},{\"@type\":\"ListItem\",\"position\":2,\"name\":\"Chat Bot\"}]},{\"@type\":\"WebSite\",\"@id\":\"https:\/\/www.meettheredbaron.com\/fr\/#website\",\"url\":\"https:\/\/www.meettheredbaron.com\/fr\/\",\"name\":\"Meet The Red Baron\",\"description\":\"The life and death of Manfred von Richthofen.\",\"publisher\":{\"@id\":\"https:\/\/www.meettheredbaron.com\/fr\/#\/schema\/person\/fd320c77882d0d84e4b88ef15120767f\"},\"potentialAction\":[{\"@type\":\"SearchAction\",\"target\":{\"@type\":\"EntryPoint\",\"urlTemplate\":\"https:\/\/www.meettheredbaron.com\/fr\/?s={search_term_string}\"},\"query-input\":{\"@type\":\"PropertyValueSpecification\",\"valueRequired\":true,\"valueName\":\"search_term_string\"}}],\"inLanguage\":\"fr-FR\"},{\"@type\":[\"Person\",\"Organization\"],\"@id\":\"https:\/\/www.meettheredbaron.com\/fr\/#\/schema\/person\/fd320c77882d0d84e4b88ef15120767f\",\"name\":\"heinpoblome\",\"image\":{\"@type\":\"ImageObject\",\"inLanguage\":\"fr-FR\",\"@id\":\"https:\/\/www.meettheredbaron.com\/fr\/#\/schema\/person\/image\/\",\"url\":\"https:\/\/www.meettheredbaron.com\/wp-content\/uploads\/2021\/12\/266-scaled.jpg\",\"contentUrl\":\"https:\/\/www.meettheredbaron.com\/wp-content\/uploads\/2021\/12\/266-scaled.jpg\",\"width\":1850,\"height\":2560,\"caption\":\"heinpoblome\"},\"logo\":{\"@id\":\"https:\/\/www.meettheredbaron.com\/fr\/#\/schema\/person\/image\/\"},\"sameAs\":[\"http:\/\/www.meettheredbaron.com\"]}]}<\/script>\n<!-- \/ Yoast SEO plugin. -->","yoast_head_json":{"title":"Chat Bot - Meet The Red Baron","description":"Utilisez la derni\u00e8re technologie d'IA pour poser des question sur Le Baron Rouge. Le chatbot r\u00e9pondra \u00e0 vos questions.","robots":{"index":"index","follow":"follow","max-snippet":"max-snippet:-1","max-image-preview":"max-image-preview:large","max-video-preview":"max-video-preview:-1"},"canonical":"https:\/\/www.meettheredbaron.com\/fr\/chat-bot\/","og_locale":"fr_FR","og_type":"article","og_title":"Chat Bot - Meet The Red Baron","og_description":"Utilisez la derni\u00e8re technologie d'IA pour poser des question sur Le Baron Rouge. Le chatbot r\u00e9pondra \u00e0 vos questions.","og_url":"https:\/\/www.meettheredbaron.com\/fr\/chat-bot\/","og_site_name":"Meet The Red Baron","article_modified_time":"2024-10-07T11:21:17+00:00","schema":{"@context":"https:\/\/schema.org","@graph":[{"@type":"WebPage","@id":"https:\/\/www.meettheredbaron.com\/fr\/chat-bot\/","url":"https:\/\/www.meettheredbaron.com\/fr\/chat-bot\/","name":"Chat Bot - Meet The Red Baron","isPartOf":{"@id":"https:\/\/www.meettheredbaron.com\/fr\/#website"},"datePublished":"2024-08-05T14:04:23+00:00","dateModified":"2024-10-07T11:21:17+00:00","description":"Utilisez la derni\u00e8re technologie d'IA pour poser des question sur Le Baron Rouge. Le chatbot r\u00e9pondra \u00e0 vos questions.","breadcrumb":{"@id":"https:\/\/www.meettheredbaron.com\/fr\/chat-bot\/#breadcrumb"},"inLanguage":"fr-FR","potentialAction":[{"@type":"ReadAction","target":["https:\/\/www.meettheredbaron.com\/fr\/chat-bot\/"]}]},{"@type":"BreadcrumbList","@id":"https:\/\/www.meettheredbaron.com\/fr\/chat-bot\/#breadcrumb","itemListElement":[{"@type":"ListItem","position":1,"name":"Home","item":"https:\/\/www.meettheredbaron.com\/fr\/"},{"@type":"ListItem","position":2,"name":"Chat Bot"}]},{"@type":"WebSite","@id":"https:\/\/www.meettheredbaron.com\/fr\/#website","url":"https:\/\/www.meettheredbaron.com\/fr\/","name":"Meet The Red Baron","description":"The life and death of Manfred von Richthofen.","publisher":{"@id":"https:\/\/www.meettheredbaron.com\/fr\/#\/schema\/person\/fd320c77882d0d84e4b88ef15120767f"},"potentialAction":[{"@type":"SearchAction","target":{"@type":"EntryPoint","urlTemplate":"https:\/\/www.meettheredbaron.com\/fr\/?s={search_term_string}"},"query-input":{"@type":"PropertyValueSpecification","valueRequired":true,"valueName":"search_term_string"}}],"inLanguage":"fr-FR"},{"@type":["Person","Organization"],"@id":"https:\/\/www.meettheredbaron.com\/fr\/#\/schema\/person\/fd320c77882d0d84e4b88ef15120767f","name":"heinpoblome","image":{"@type":"ImageObject","inLanguage":"fr-FR","@id":"https:\/\/www.meettheredbaron.com\/fr\/#\/schema\/person\/image\/","url":"https:\/\/www.meettheredbaron.com\/wp-content\/uploads\/2021\/12\/266-scaled.jpg","contentUrl":"https:\/\/www.meettheredbaron.com\/wp-content\/uploads\/2021\/12\/266-scaled.jpg","width":1850,"height":2560,"caption":"heinpoblome"},"logo":{"@id":"https:\/\/www.meettheredbaron.com\/fr\/#\/schema\/person\/image\/"},"sameAs":["http:\/\/www.meettheredbaron.com"]}]}},"_links":{"self":[{"href":"https:\/\/www.meettheredbaron.com\/fr\/wp-json\/wp\/v2\/pages\/10935","targetHints":{"allow":["GET"]}}],"collection":[{"href":"https:\/\/www.meettheredbaron.com\/fr\/wp-json\/wp\/v2\/pages"}],"about":[{"href":"https:\/\/www.meettheredbaron.com\/fr\/wp-json\/wp\/v2\/types\/page"}],"author":[{"embeddable":true,"href":"https:\/\/www.meettheredbaron.com\/fr\/wp-json\/wp\/v2\/users\/7"}],"replies":[{"embeddable":true,"href":"https:\/\/www.meettheredbaron.com\/fr\/wp-json\/wp\/v2\/comments?post=10935"}],"version-history":[{"count":0,"href":"https:\/\/www.meettheredbaron.com\/fr\/wp-json\/wp\/v2\/pages\/10935\/revisions"}],"wp:attachment":[{"href":"https:\/\/www.meettheredbaron.com\/fr\/wp-json\/wp\/v2\/media?parent=10935"}],"curies":[{"name":"wp","href":"https:\/\/api.w.org\/{rel}","templated":true}]}}