{"id":10939,"date":"2024-08-05T15:04:23","date_gmt":"2024-08-05T14:04:23","guid":{"rendered":"https:\/\/www.meettheredbaron.com\/?page_id=10939"},"modified":"2024-10-07T12:25:58","modified_gmt":"2024-10-07T11:25:58","slug":"chat-bot","status":"publish","type":"page","link":"https:\/\/www.meettheredbaron.com\/de\/chat-bot\/","title":{"rendered":"Chat Bot"},"content":{"rendered":"\n<div class=\"wp-block-toolset-blocks-container tb-container alignfull\" data-toolset-blocks-container=\"87bce63c3fba5ff42835dcaba0241408\">\n<div class=\"wp-block-columns is-layout-flex wp-container-core-columns-is-layout-28f84493 wp-block-columns-is-layout-flex\">\n<div class=\"wp-block-column is-layout-flow wp-block-column-is-layout-flow\" style=\"flex-basis:70%\">\n<div class=\"wp-block-toolset-blocks-container tb-container alignwide\" data-toolset-blocks-container=\"4295e2daa2c5d6991dde1d71907ec497\">\n<br\/>\n<flowise-fullchatbot><\/flowise-fullchatbot>\n<script type=\"module\">\n    import Chatbot from \"https:\/\/cdn.jsdelivr.net\/npm\/flowise-embed\/dist\/web.js\"\n    Chatbot.initFull({\n        chatflowid: \"48f0780f-d584-4337-bd36-742245a4f511\",\n        apiHost: \"https:\/\/chat.meettheredbaron.com\",\n        theme: {\nbutton: {\n        backgroundColor: '#a1232b',\n},\n            chatWindow: {\n                showTitle: true,\n                title: 'The Red Baron Chat Bot',\n                showAgentMessages: false,\n                welcomeMessage: 'Type your question. Stellen Sie Ihre Frage. Stel je vraag. Posez votre question.',\n                errorMessage: 'Oops! Something bad happened!',\n                backgroundColor: \"#ffffff\",\n                height:800,\n                fontSize: 16,\n                poweredByTextColor: \"#303235\",\n                botMessage: {\n                     backgroundColor: '#FFF4F1',\n                     textColor: 'black',\n                    showAvatar: false,\n                    avatarSrc: \"https:\/\/raw.githubusercontent.com\/zahidkhawaja\/langchain-chat-nextjs\/main\/public\/parroticon.png\",\n                },\n                userMessage: {\n                    backgroundColor: \"#FFF4F1\",\n                    textColor: \"#000000\",\n                    showAvatar: false,\n                    avatarSrc: \"https:\/\/raw.githubusercontent.com\/zahidkhawaja\/langchain-chat-nextjs\/main\/public\/usericon.png\",\n                },\n                textInput: {\n                    placeholder: 'Type your question. Stellen Sie Ihre Frage. Stel je vraag. Posez votre question.',\n                    backgroundColor: '#ffffff',\n                    textColor: '#303235',\n                    sendButtonColor: '#303235',\n                    maxChars: 200,\n                    maxCharsWarningMessage: 'You exceeded the characters limit. Please input less than 200 characters.',\n                    autoFocus: true, \/\/ If not used, autofocus is disabled on mobile and enabled on desktop. true enables it on both, false disables it on both.\n                    sendMessageSound: true,\n                    \/\/ sendSoundLocation: \"send_message.mp3\", \/\/ If this is not used, the default sound effect will be played if sendSoundMessage is true.\n                    receiveMessageSound: true,\n                    \/\/ receiveSoundLocation: \"receive_message.mp3\", \/\/ If this is not used, the default sound effect will be played if receiveSoundMessage is true. \n                },\n                feedback: {\n                    color: '#303235',\n                },\n                footer: {\n                    textColor: '#303235',\n                    text: ' ',\n                    company: ' ',\n                    companyLink: 'https:\/\/www.meettheredbaron.com',\n                }\n            }\n        }\n    })\n<\/script>\n<\/div>\n<\/div>\n\n\n\n<div class=\"wp-block-column is-layout-flow wp-block-column-is-layout-flow\" style=\"flex-basis:30%\">\n<div style=\"height:15px\" aria-hidden=\"true\" class=\"wp-block-spacer\"><\/div>\n\n\n\n<div class=\"wp-block-toolset-blocks-container tb-container alignwide\" data-toolset-blocks-container=\"39ecc3ed6673ef6863f08697fb0f18de\">\n<h2 class=\"tb-heading has-text-color has-background\" data-toolset-blocks-heading=\"128488436b27957033f98a6c14bf9aa8\" data-last-update=\"1.4\">So verwenden Sie den Bot<\/h2>\n\n\n\n<ul style=\"font-size:16px\" class=\"wp-block-list\">\n<li>Der Bot kann nur Antworten basierend auf den Ereignissen auf der Site produzieren. Er nutzt das Internet nicht. <\/li>\n\n\n\n<li>Bei den Texten auf der Site handelt es sich um Ausz\u00fcge aus B\u00fcchern, das hei\u00dft, Sie stellen Fragen an B\u00fccher.<\/li>\n\n\n\n<li>Stellen Sie konkrete Fragen. Verwenden Sie \u201eerl\u00e4utern Sie\u201c oder \u201eerz\u00e4hlen Sie mir mehr\u201c, wenn Ihnen die Antwort zu kurz erscheint. <\/li>\n\n\n\n<li>Stellen Sie Folgefragen, um genauere Antworten zu erhalten.<\/li>\n\n\n\n<li>Der Bot kann nicht extrapolieren.<\/li>\n\n\n\n<li>Der Bot kann weder z\u00e4hlen noch rechnen.<\/li>\n\n\n\n<li>Der Bot kann weder Schlussfolgerungen ziehen noch interpretieren, es ist w\u00f6rtlich.<\/li>\n\n\n\n<li>Der Bot kann keine Informationen zusammenstellen und ist schlecht beim Erstellen von Listen.<\/li>\n\n\n\n<li>Der Bot ist nicht Manfred. Er kann nur Fragen zu Manfred beantworten. <\/li>\n\n\n\n<li>Verwenden Sie den Doppelpfeil im Titel, um den Bot zur\u00fcckzusetzen, insbesondere wenn Sie die Sprache wechseln.<\/li>\n\n\n\n<li>Der Bot antwortet derzeit auf Englisch, Deutsch, Franz\u00f6sisch und Niederl\u00e4ndisch.<\/li>\n\n\n\n<li>Der Bot halluziniert manchmal und erfindet Antworten.<\/li>\n\n\n\n<li>Dies ist eine erste, nicht optimierte RAG-, ChatGPT 3.5- und OpenAPI-Version des Bots. Sie hat ihre Einschr\u00e4nkungen. <\/li>\n<\/ul>\n<\/div>\n<\/div>\n<\/div>\n<\/div>\n","protected":false},"excerpt":{"rendered":"","protected":false},"author":7,"featured_media":0,"parent":0,"menu_order":0,"comment_status":"closed","ping_status":"closed","template":"","meta":{"footnotes":""},"class_list":["post-10939","page","type-page","status-publish","hentry","entry","no-media"],"yoast_head":"<!-- This site is optimized with the Yoast SEO plugin v26.7 - https:\/\/yoast.com\/wordpress\/plugins\/seo\/ -->\n<title>Chat Bot - Meet The Red Baron<\/title>\n<meta name=\"description\" content=\"Nutzen Sie die neueste KI-Technologie, um Fragen zu \u201eDer Rote Kampfflieger\u201c zu stellen. Der Chatbot wird Ihre Fragen beantworten.\" \/>\n<meta name=\"robots\" content=\"index, follow, max-snippet:-1, max-image-preview:large, max-video-preview:-1\" \/>\n<link rel=\"canonical\" href=\"https:\/\/www.meettheredbaron.com\/de\/chat-bot\/\" \/>\n<meta property=\"og:locale\" content=\"de_DE\" \/>\n<meta property=\"og:type\" content=\"article\" \/>\n<meta property=\"og:title\" content=\"Chat Bot - Meet The Red Baron\" \/>\n<meta property=\"og:description\" content=\"Nutzen Sie die neueste KI-Technologie, um Fragen zu \u201eDer Rote Kampfflieger\u201c zu stellen. Der Chatbot wird Ihre Fragen beantworten.\" \/>\n<meta property=\"og:url\" content=\"https:\/\/www.meettheredbaron.com\/de\/chat-bot\/\" \/>\n<meta property=\"og:site_name\" content=\"Meet The Red Baron\" \/>\n<meta property=\"article:modified_time\" content=\"2024-10-07T11:25:58+00:00\" \/>\n<script type=\"application\/ld+json\" class=\"yoast-schema-graph\">{\"@context\":\"https:\/\/schema.org\",\"@graph\":[{\"@type\":\"WebPage\",\"@id\":\"https:\/\/www.meettheredbaron.com\/de\/chat-bot\/\",\"url\":\"https:\/\/www.meettheredbaron.com\/de\/chat-bot\/\",\"name\":\"Chat Bot - Meet The Red Baron\",\"isPartOf\":{\"@id\":\"https:\/\/www.meettheredbaron.com\/de\/#website\"},\"datePublished\":\"2024-08-05T14:04:23+00:00\",\"dateModified\":\"2024-10-07T11:25:58+00:00\",\"description\":\"Nutzen Sie die neueste KI-Technologie, um Fragen zu \u201eDer Rote Kampfflieger\u201c zu stellen. Der Chatbot wird Ihre Fragen beantworten.\",\"breadcrumb\":{\"@id\":\"https:\/\/www.meettheredbaron.com\/de\/chat-bot\/#breadcrumb\"},\"inLanguage\":\"de\",\"potentialAction\":[{\"@type\":\"ReadAction\",\"target\":[\"https:\/\/www.meettheredbaron.com\/de\/chat-bot\/\"]}]},{\"@type\":\"BreadcrumbList\",\"@id\":\"https:\/\/www.meettheredbaron.com\/de\/chat-bot\/#breadcrumb\",\"itemListElement\":[{\"@type\":\"ListItem\",\"position\":1,\"name\":\"Home\",\"item\":\"https:\/\/www.meettheredbaron.com\/de\/\"},{\"@type\":\"ListItem\",\"position\":2,\"name\":\"Chat Bot\"}]},{\"@type\":\"WebSite\",\"@id\":\"https:\/\/www.meettheredbaron.com\/de\/#website\",\"url\":\"https:\/\/www.meettheredbaron.com\/de\/\",\"name\":\"Meet The Red Baron\",\"description\":\"The life and death of Manfred von Richthofen.\",\"publisher\":{\"@id\":\"https:\/\/www.meettheredbaron.com\/de\/#\/schema\/person\/fd320c77882d0d84e4b88ef15120767f\"},\"potentialAction\":[{\"@type\":\"SearchAction\",\"target\":{\"@type\":\"EntryPoint\",\"urlTemplate\":\"https:\/\/www.meettheredbaron.com\/de\/?s={search_term_string}\"},\"query-input\":{\"@type\":\"PropertyValueSpecification\",\"valueRequired\":true,\"valueName\":\"search_term_string\"}}],\"inLanguage\":\"de\"},{\"@type\":[\"Person\",\"Organization\"],\"@id\":\"https:\/\/www.meettheredbaron.com\/de\/#\/schema\/person\/fd320c77882d0d84e4b88ef15120767f\",\"name\":\"heinpoblome\",\"image\":{\"@type\":\"ImageObject\",\"inLanguage\":\"de\",\"@id\":\"https:\/\/www.meettheredbaron.com\/de\/#\/schema\/person\/image\/\",\"url\":\"https:\/\/www.meettheredbaron.com\/wp-content\/uploads\/2021\/12\/266-scaled.jpg\",\"contentUrl\":\"https:\/\/www.meettheredbaron.com\/wp-content\/uploads\/2021\/12\/266-scaled.jpg\",\"width\":1850,\"height\":2560,\"caption\":\"heinpoblome\"},\"logo\":{\"@id\":\"https:\/\/www.meettheredbaron.com\/de\/#\/schema\/person\/image\/\"},\"sameAs\":[\"http:\/\/www.meettheredbaron.com\"]}]}<\/script>\n<!-- \/ Yoast SEO plugin. -->","yoast_head_json":{"title":"Chat Bot - Meet The Red Baron","description":"Nutzen Sie die neueste KI-Technologie, um Fragen zu \u201eDer Rote Kampfflieger\u201c zu stellen. Der Chatbot wird Ihre Fragen beantworten.","robots":{"index":"index","follow":"follow","max-snippet":"max-snippet:-1","max-image-preview":"max-image-preview:large","max-video-preview":"max-video-preview:-1"},"canonical":"https:\/\/www.meettheredbaron.com\/de\/chat-bot\/","og_locale":"de_DE","og_type":"article","og_title":"Chat Bot - Meet The Red Baron","og_description":"Nutzen Sie die neueste KI-Technologie, um Fragen zu \u201eDer Rote Kampfflieger\u201c zu stellen. Der Chatbot wird Ihre Fragen beantworten.","og_url":"https:\/\/www.meettheredbaron.com\/de\/chat-bot\/","og_site_name":"Meet The Red Baron","article_modified_time":"2024-10-07T11:25:58+00:00","schema":{"@context":"https:\/\/schema.org","@graph":[{"@type":"WebPage","@id":"https:\/\/www.meettheredbaron.com\/de\/chat-bot\/","url":"https:\/\/www.meettheredbaron.com\/de\/chat-bot\/","name":"Chat Bot - Meet The Red Baron","isPartOf":{"@id":"https:\/\/www.meettheredbaron.com\/de\/#website"},"datePublished":"2024-08-05T14:04:23+00:00","dateModified":"2024-10-07T11:25:58+00:00","description":"Nutzen Sie die neueste KI-Technologie, um Fragen zu \u201eDer Rote Kampfflieger\u201c zu stellen. Der Chatbot wird Ihre Fragen beantworten.","breadcrumb":{"@id":"https:\/\/www.meettheredbaron.com\/de\/chat-bot\/#breadcrumb"},"inLanguage":"de","potentialAction":[{"@type":"ReadAction","target":["https:\/\/www.meettheredbaron.com\/de\/chat-bot\/"]}]},{"@type":"BreadcrumbList","@id":"https:\/\/www.meettheredbaron.com\/de\/chat-bot\/#breadcrumb","itemListElement":[{"@type":"ListItem","position":1,"name":"Home","item":"https:\/\/www.meettheredbaron.com\/de\/"},{"@type":"ListItem","position":2,"name":"Chat Bot"}]},{"@type":"WebSite","@id":"https:\/\/www.meettheredbaron.com\/de\/#website","url":"https:\/\/www.meettheredbaron.com\/de\/","name":"Meet The Red Baron","description":"The life and death of Manfred von Richthofen.","publisher":{"@id":"https:\/\/www.meettheredbaron.com\/de\/#\/schema\/person\/fd320c77882d0d84e4b88ef15120767f"},"potentialAction":[{"@type":"SearchAction","target":{"@type":"EntryPoint","urlTemplate":"https:\/\/www.meettheredbaron.com\/de\/?s={search_term_string}"},"query-input":{"@type":"PropertyValueSpecification","valueRequired":true,"valueName":"search_term_string"}}],"inLanguage":"de"},{"@type":["Person","Organization"],"@id":"https:\/\/www.meettheredbaron.com\/de\/#\/schema\/person\/fd320c77882d0d84e4b88ef15120767f","name":"heinpoblome","image":{"@type":"ImageObject","inLanguage":"de","@id":"https:\/\/www.meettheredbaron.com\/de\/#\/schema\/person\/image\/","url":"https:\/\/www.meettheredbaron.com\/wp-content\/uploads\/2021\/12\/266-scaled.jpg","contentUrl":"https:\/\/www.meettheredbaron.com\/wp-content\/uploads\/2021\/12\/266-scaled.jpg","width":1850,"height":2560,"caption":"heinpoblome"},"logo":{"@id":"https:\/\/www.meettheredbaron.com\/de\/#\/schema\/person\/image\/"},"sameAs":["http:\/\/www.meettheredbaron.com"]}]}},"_links":{"self":[{"href":"https:\/\/www.meettheredbaron.com\/de\/wp-json\/wp\/v2\/pages\/10939","targetHints":{"allow":["GET"]}}],"collection":[{"href":"https:\/\/www.meettheredbaron.com\/de\/wp-json\/wp\/v2\/pages"}],"about":[{"href":"https:\/\/www.meettheredbaron.com\/de\/wp-json\/wp\/v2\/types\/page"}],"author":[{"embeddable":true,"href":"https:\/\/www.meettheredbaron.com\/de\/wp-json\/wp\/v2\/users\/7"}],"replies":[{"embeddable":true,"href":"https:\/\/www.meettheredbaron.com\/de\/wp-json\/wp\/v2\/comments?post=10939"}],"version-history":[{"count":0,"href":"https:\/\/www.meettheredbaron.com\/de\/wp-json\/wp\/v2\/pages\/10939\/revisions"}],"wp:attachment":[{"href":"https:\/\/www.meettheredbaron.com\/de\/wp-json\/wp\/v2\/media?parent=10939"}],"curies":[{"name":"wp","href":"https:\/\/api.w.org\/{rel}","templated":true}]}}